{"id":286,"date":"2024-02-15T22:22:13","date_gmt":"2024-02-15T22:22:13","guid":{"rendered":"https:\/\/lccosta.cicloturismocaminhosdalapa.com.br\/?page_id=286"},"modified":"2024-02-29T19:17:15","modified_gmt":"2024-02-29T22:17:15","slug":"empresa","status":"publish","type":"page","link":"https:\/\/lccosta.eng.br\/?page_id=286","title":{"rendered":"Empresa"},"content":{"rendered":"<p>[vc_row equal_height=&#8221;yes&#8221; content_placement=&#8221;middle&#8221; css=&#8221;.vc_custom_1708547511352{padding-top: 120px !important;padding-bottom: 50px !important;}&#8221; responsive_css=&#8221;padding_top_medium:100px|padding_top_small:150px&#8221;][vc_column offset=&#8221;vc_col-md-offset-1 vc_col-md-6&#8243; responsive_align=&#8221;text-center text-md-left&#8221; responsive_css=&#8221;padding_top_large:50px&#8221;]<style>.ld_fancy_heading_69da65d732c03 h2 {font-size:35px; } @media (min-width: 992px) { .ld_fancy_heading_69da65d732c03 h2 {font-size:48px; }  } .ld_fancy_heading_69da65d732c03 h2 {line-height:1.2em; } .ld_fancy_heading_69da65d732c03 h2 {--element-line-height:1.2em; } .ld_fancy_heading_69da65d732c03 h2 {margin-bottom:0.65em !important;  } .ld_fancy_heading_69da65d732c03 .lqd-highlight-inner{height:0.275em!important;bottom:0.1em!important;background:rgba(255, 185, 158, 0.51)!important;}.ld_fancy_heading_69da65d732c03 h2 {font-size:35px; } @media (min-width: 992px) { .ld_fancy_heading_69da65d732c03 h2 {font-size:48px; }  } .ld_fancy_heading_69da65d732c03 h2 {line-height:1.2em; } .ld_fancy_heading_69da65d732c03 h2 {--element-line-height:1.2em; } .ld_fancy_heading_69da65d732c03 h2 {margin-bottom:0.65em !important;  } <\/style><div class=\"ld-fancy-heading ld_fancy_heading_69da65d732c03\">\n\t<h2 class=\"ld-fh-element lqd-highlight-underline lqd-highlight-grow-left text-decoration-default\"   >  A Empresa<\/h2><\/div><style>.ld_fancy_heading_69da65d7347a4 p {font-size:18px; } .ld_fancy_heading_69da65d7347a4 p {line-height:1.2em; } .ld_fancy_heading_69da65d7347a4 p {--element-line-height:1.2em; } .ld_fancy_heading_69da65d7347a4 .lqd-highlight-inner{height:0.275em!important;bottom:0px!important;}.ld_fancy_heading_69da65d7347a4 p {font-size:18px; } .ld_fancy_heading_69da65d7347a4 p {line-height:1.2em; } .ld_fancy_heading_69da65d7347a4 p {--element-line-height:1.2em; } <\/style><div class=\"ld-fancy-heading ld_fancy_heading_69da65d7347a4\">\n\t<p class=\"ld-fh-element lqd-highlight-underline lqd-highlight-grow-left text-decoration-default\"   >  A LC Costa conta com s\u00f3lida experi\u00eancia no mercado de constru\u00e7\u00e3o civil do sul do Brasil. Refer\u00eancia na fabrica\u00e7\u00e3o e montagem de pr\u00e9-fabricados, a empresa est\u00e1 comprometida com a qualidade e alto desempenho de estruturas em concreto.<\/p><\/div><style>.ld_fancy_heading_69da65d73613c p {font-size:18px; } .ld_fancy_heading_69da65d73613c p {line-height:1.2em; } .ld_fancy_heading_69da65d73613c p {--element-line-height:1.2em; } .ld_fancy_heading_69da65d73613c .lqd-highlight-inner{height:0.275em!important;bottom:0px!important;}.ld_fancy_heading_69da65d73613c p {font-size:18px; } .ld_fancy_heading_69da65d73613c p {line-height:1.2em; } .ld_fancy_heading_69da65d73613c p {--element-line-height:1.2em; } <\/style><div class=\"ld-fancy-heading ld_fancy_heading_69da65d73613c\">\n\t<p class=\"ld-fh-element lqd-highlight-underline lqd-highlight-grow-left text-decoration-default\"   >  Possu\u00edmos uma equipe t\u00e9cnica altamente treinada e qualificada, capaz de atender as necessidades dos mais variados projetos, garantindo a sua execu\u00e7\u00e3o nos mais elevados n\u00edveis de exig\u00eancia.<\/p><\/div><style>.ld_fancy_heading_69da65d7374fa p {font-size:18px; } .ld_fancy_heading_69da65d7374fa p {line-height:1.2em; } .ld_fancy_heading_69da65d7374fa p {--element-line-height:1.2em; } .ld_fancy_heading_69da65d7374fa .lqd-highlight-inner{height:0.275em!important;bottom:0px!important;}.ld_fancy_heading_69da65d7374fa p {font-size:18px; } .ld_fancy_heading_69da65d7374fa p {line-height:1.2em; } .ld_fancy_heading_69da65d7374fa p {--element-line-height:1.2em; } <\/style><div class=\"ld-fancy-heading ld_fancy_heading_69da65d7374fa\">\n\t<p class=\"ld-fh-element lqd-highlight-underline lqd-highlight-grow-left text-decoration-default\"   >  Nossa f\u00e1brica est\u00e1 localizada em Paulo Lopes, pr\u00f3ximo \u00e0 BR 101 e com f\u00e1cil acesso a polos log\u00edsticos estr\u00e1tegicos. Nossa planta industrial conta com 50 mil metros quadrados e modernas instala\u00e7\u00f5es nos permitindo atender com efici\u00eancia e agilidade principalemte a grande Florian\u00f3polis e o litoral sul de SC.<\/p><\/div>[\/vc_column][vc_column offset=&#8221;vc_col-md-4&#8243; responsive_css=&#8221;margin_bottom_medium:0px&#8221; css=&#8221;.vc_custom_1708125668842{margin-bottom: 30px !important;padding-top: 120px !important;}&#8221; responsive_align=&#8221;text-center&#8221;]<style>.ld_images_group_element_69da65d738a24{border-radius:15px;}<\/style><div id=\"ld_images_group_element_69da65d738a24\" class=\"lqd-imggrp-single ld_images_group_element_69da65d738a24\" data-shadow-style=\"3\" data-roundness=\"custom\" data-hover3d=\"true\"  >\n\t\n\t<div class=\"lqd-imggrp-img-container\" data-stacking-factor=\"1\"   >\n\t\t\n\t\t\t\t\n\t\t\t\t<figure ><img decoding=\"async\" width=\"500\" height=\"322\" src=\"https:\/\/lccosta.eng.br\/wp-content\/uploads\/2024\/02\/lc-costa.jpg\" srcset=\"https:\/\/lccosta.eng.br\/wp-content\/uploads\/2024\/02\/lc-costa-300x193.jpg 300w, https:\/\/lccosta.eng.br\/wp-content\/uploads\/2024\/02\/lc-costa.jpg 1000w\" class=\"\" alt=\"\" itemprop=\"image\" \/><\/figure>\t\t\t\t\t\t\t\t\n\t<\/div><!-- \/.lqd-imggrp-content -->\n<\/div><!-- \/.lqd-imggrp-single -->[\/vc_column][\/vc_row]<\/p>\n","protected":false},"excerpt":{"rendered":"<p>[vc_row equal_height=&#8221;yes&#8221; content_placement=&#8221;middle&#8221; css=&#8221;.vc_custom_1708547511352{padding-top: 120px !important;padding-bottom: 50px !important;}&#8221; responsive_css=&#8221;padding_top_medium:100px|padding_top_small:150px&#8221;][vc_column offset=&#8221;vc_col-md-offset-1 vc_col-md-6&#8243; responsive_align=&#8221;text-center text-md-left&#8221; responsive_css=&#8221;padding_top_large:50px&#8221;][\/vc_column][vc_column offset=&#8221;vc_col-md-4&#8243; responsive_css=&#8221;margin_bottom_medium:0px&#8221; css=&#8221;.vc_custom_1708125668842{margin-bottom: 30px !important;padding-top: 120px !important;}&#8221; responsive_align=&#8221;text-center&#8221;][\/vc_column][\/vc_row]<\/p>\n","protected":false},"author":1,"featured_media":0,"parent":0,"menu_order":0,"comment_status":"closed","ping_status":"closed","template":"","meta":{"footnotes":""},"class_list":["post-286","page","type-page","status-publish","hentry"],"_links":{"self":[{"href":"https:\/\/lccosta.eng.br\/index.php?rest_route=\/wp\/v2\/pages\/286","targetHints":{"allow":["GET"]}}],"collection":[{"href":"https:\/\/lccosta.eng.br\/index.php?rest_route=\/wp\/v2\/pages"}],"about":[{"href":"https:\/\/lccosta.eng.br\/index.php?rest_route=\/wp\/v2\/types\/page"}],"author":[{"embeddable":true,"href":"https:\/\/lccosta.eng.br\/index.php?rest_route=\/wp\/v2\/users\/1"}],"replies":[{"embeddable":true,"href":"https:\/\/lccosta.eng.br\/index.php?rest_route=%2Fwp%2Fv2%2Fcomments&post=286"}],"version-history":[{"count":2,"href":"https:\/\/lccosta.eng.br\/index.php?rest_route=\/wp\/v2\/pages\/286\/revisions"}],"predecessor-version":[{"id":5106,"href":"https:\/\/lccosta.eng.br\/index.php?rest_route=\/wp\/v2\/pages\/286\/revisions\/5106"}],"wp:attachment":[{"href":"https:\/\/lccosta.eng.br\/index.php?rest_route=%2Fwp%2Fv2%2Fmedia&parent=286"}],"curies":[{"name":"wp","href":"https:\/\/api.w.org\/{rel}","templated":true}]}}