{"id":310,"date":"2024-02-15T22:56:56","date_gmt":"2024-02-15T22:56:56","guid":{"rendered":"https:\/\/lccosta.cicloturismocaminhosdalapa.com.br\/?page_id=310"},"modified":"2024-02-15T22:56:56","modified_gmt":"2024-02-15T22:56:56","slug":"contato","status":"publish","type":"page","link":"https:\/\/lccosta.eng.br\/?page_id=310","title":{"rendered":"Contato"},"content":{"rendered":"<p>[vc_row content_placement=&#8221;middle&#8221; responsive_css=&#8221;padding_top_large:100px|padding_bottom_medium:100px|padding_bottom_small:80px&#8221; css=&#8221;.vc_custom_1708547714549{padding-top: 100px !important;padding-bottom: 60px !important;}&#8221;][vc_column enable_content_animation=&#8221;yes&#8221; ca_init_scale_x=&#8221;1&#8243; ca_init_scale_y=&#8221;1&#8243; ca_init_opacity=&#8221;0&#8243; ca_an_scale_x=&#8221;1&#8243; ca_an_scale_y=&#8221;1&#8243; ca_an_opacity=&#8221;1&#8243; offset=&#8221;vc_col-lg-5 vc_col-md-offset-1 vc_col-md-5&#8243; ca_duration=&#8221;1800&#8243; ca_delay=&#8221;180&#8243; ca_init_translate_y=&#8221;60&#8243; css=&#8221;.vc_custom_1708547751111{padding-top: 50px !important;padding-bottom: 35px !important;}&#8221;]<style>.ld_fancy_heading_69da65fcee1c4 h2 {font-size:35px; } @media (min-width: 992px) { .ld_fancy_heading_69da65fcee1c4 h2 {font-size:48px; }  } .ld_fancy_heading_69da65fcee1c4 h2 {line-height:1.2em; } .ld_fancy_heading_69da65fcee1c4 h2 {--element-line-height:1.2em; } .ld_fancy_heading_69da65fcee1c4 h2 {margin-bottom:0.65em !important;  } .ld_fancy_heading_69da65fcee1c4 .lqd-highlight-inner{height:0.275em!important;bottom:0.1em!important;background:rgba(255, 185, 158, 0.51)!important;}.ld_fancy_heading_69da65fcee1c4 h2 {font-size:35px; } @media (min-width: 992px) { .ld_fancy_heading_69da65fcee1c4 h2 {font-size:48px; }  } .ld_fancy_heading_69da65fcee1c4 h2 {line-height:1.2em; } .ld_fancy_heading_69da65fcee1c4 h2 {--element-line-height:1.2em; } .ld_fancy_heading_69da65fcee1c4 h2 {margin-bottom:0.65em !important;  } <\/style><div class=\"ld-fancy-heading ld_fancy_heading_69da65fcee1c4\">\n\t<h2 class=\"ld-fh-element lqd-highlight-underline lqd-highlight-grow-left text-decoration-default\"   >  Contato<\/h2><\/div><style>.ld_fancy_heading_69da65fcef9c1 p {margin-bottom:1.85em !important;  } .ld_fancy_heading_69da65fcef9c1 .lqd-highlight-inner{height:0.275em!important;bottom:0px!important;}.ld_fancy_heading_69da65fcef9c1 p {margin-bottom:1.85em !important;  } <\/style><div class=\"ld-fancy-heading ld_fancy_heading_69da65fcef9c1\">\n\t<p class=\"ld-fh-element lqd-highlight-underline lqd-highlight-grow-left text-decoration-default\"   >  Para maiores informa\u00e7\u00f5es sobre os nossos servi\u00e7os entre em contato atrav\u00e9s de um nossos canais de comunica\u00e7\u00e3o.<\/p><\/div><style>.ld_icon_box_69da65fcf0cd1 .iconbox-icon-container{color:rgb(204, 204, 204);font-size:18px;border-radius:px;}.ld_icon_box_69da65fcf0cd1 .lqd-iconbox-title{color:rgb(0, 11, 29);font-size:18px;}<\/style>\n<div class=\"iconbox iconbox-inline text-align-default ld_icon_box_69da65fcf0cd1 vc_custom_1708130905679\" id=\"ld_icon_box_69da65fcf0cd1\"  data-animate-icon=\"true\" data-plugin-options='{\"color\":\"rgb(204, 204, 204)\"}'  >\n\t\n\t\t\t\t\t\n\t\n\t<div class=\"iconbox-icon-wrap\"><span class=\"iconbox-icon-container\"><i class=\"fas fa-map-marker-alt\"><\/i><\/span><\/div>\t\n\t<h2 class=\"lqd-iconbox-title font-weight-medium\">Rua Alice Cabral s\/n - Areias - Paulo Lopes\/SC - CEP 88490-000<\/h2>\t\n\t\t\n\t\t\n\t\t\t\t\n\t\t\n\t\n<\/div>\n<style>.ld_icon_box_69da65fcf20e4 .iconbox-icon-container{color:rgb(204, 204, 204);font-size:18px;border-radius:px;}.ld_icon_box_69da65fcf20e4 .lqd-iconbox-title{color:rgb(0, 11, 29);margin-bottom:px;font-size:18px;}<\/style>\n<div class=\"iconbox iconbox-inline text-align-default ld_icon_box_69da65fcf20e4 vc_custom_1708130936551\" id=\"ld_icon_box_69da65fcf20e4\"  data-animate-icon=\"true\" data-plugin-options='{\"color\":\"rgb(204, 204, 204)\"}'  >\n\t\n\t\t\t\t\t\n\t\n\t<div class=\"iconbox-icon-wrap\"><span class=\"iconbox-icon-container\"><i class=\"fas fa-envelope\"><\/i><\/span><\/div>\t\n\t<h2 class=\"lqd-iconbox-title font-weight-medium\">Email: lccosta@lccosta.eng.br<\/h2>\t\n\t\t\n\t\t\n\t\t\t\t\n\t\t\n\t\n<\/div>\n<style>.ld_icon_box_69da65fcf3634 .iconbox-icon-container{color:rgb(204, 204, 204);font-size:18px;border-radius:px;}.ld_icon_box_69da65fcf3634 .lqd-iconbox-title{color:rgb(0, 11, 29);margin-bottom:px;font-size:18px;}<\/style>\n<div class=\"iconbox iconbox-inline text-align-default ld_icon_box_69da65fcf3634 vc_custom_1708130953184\" id=\"ld_icon_box_69da65fcf3634\"  data-animate-icon=\"true\" data-plugin-options='{\"color\":\"rgb(204, 204, 204)\"}'  >\n\t\n\t\t\t\t\t\n\t\n\t<div class=\"iconbox-icon-wrap\"><span class=\"iconbox-icon-container\"><i class=\"fas fa-mobile\"><\/i><\/span><\/div>\t\n\t<h2 class=\"lqd-iconbox-title font-weight-medium\">Telefone: (48) 3244-0436<\/h2>\t\n\t\t\n\t\t\n\t\t\t\t\n\t\t\n\t\n<\/div>\n[\/vc_column][vc_column enable_column_shadowbox=&#8221;yes&#8221; enable_content_animation=&#8221;yes&#8221; ca_init_scale_x=&#8221;1&#8243; ca_init_scale_y=&#8221;1&#8243; ca_init_opacity=&#8221;0&#8243; ca_an_scale_x=&#8221;1&#8243; ca_an_scale_y=&#8221;1&#8243; ca_an_opacity=&#8221;1&#8243; offset=&#8221;vc_col-md-5&#8243; css=&#8221;.vc_custom_1708039067686{padding-top: 35px !important;padding-right: 50px !important;padding-bottom: 40px !important;padding-left: 50px !important;background-color: #ffffff !important;border-radius: 5px !important;}&#8221; column_box_shadow=&#8221;%5B%7B%22x_offset%22%3A%220%22%2C%22y_offset%22%3A%2210px%22%2C%22blur_radius%22%3A%2260px%22%2C%22shadow_color%22%3A%22rgba(0%2C%200%2C%200%2C%200.07)%22%7D%5D&#8221; responsive_css=&#8221;margin_left_large:50px|padding_bottom_medium:20px&#8221; ca_duration=&#8221;1800&#8243; ca_start_delay=&#8221;250&#8243; ca_delay=&#8221;180&#8243; ca_init_translate_y=&#8221;35&#8243;]<style>.ld_fancy_heading_69da65fd007c1 h6 {font-size:20px; } .ld_fancy_heading_69da65fd007c1 h6 {margin-bottom:1.1em !important;  } .ld_fancy_heading_69da65fd007c1 .lqd-highlight-inner{height:0.275em!important;bottom:0px!important;}.ld_fancy_heading_69da65fd007c1 h6 {font-size:20px; } .ld_fancy_heading_69da65fd007c1 h6 {margin-bottom:1.1em !important;  } <\/style><div class=\"ld-fancy-heading ld_fancy_heading_69da65fd007c1\">\n\t<h6 class=\"ld-fh-element lqd-highlight-underline lqd-highlight-grow-left text-decoration-default\"   >  Fale Conosco<\/h6><\/div><style>.ld_cf7_69da65fd01838 input,.ld_cf7_69da65fd01838 textarea,.ld_cf7_69da65fd01838 .ui-button.ui-selectmenu-button{font-size:14px;font-weight:400;}.ld_cf7_69da65fd01838 input[type=\"submit\"]{font-size:16px;font-weight:700;background:rgb(99, 99, 99);color:rgb(255, 255, 255);border-color:rgb(99, 99, 99);}.ld_cf7_69da65fd01838 input, .ld_cf7_69da65fd01838 select, .ld_cf7_69da65fd01838 textarea, .ld_cf7_69da65fd01838 .ui-button.ui-selectmenu-button{background:rgb(247, 248, 248);}.ld_cf7_69da65fd01838 input, .ld_cf7_69da65fd01838 select, .ld_cf7_69da65fd01838 textarea, .ld_cf7_69da65fd01838 .ui-button.ui-selectmenu-button, .ld_cf7_69da65fd01838 .wpcf7-form-control-wrap > i, .ld_cf7_69da65fd01838 .wpcf7-radio{color:rgb(59, 75, 83);}.ld_cf7_69da65fd01838 input[type=\"submit\"]:focus,.ld_cf7_69da65fd01838 input[type=\"submit\"]:hover{background:rgb(67, 67, 67);}.ld_cf7_69da65fd01838 input[type=\"submit\"]:hover{color:rgb(255, 255, 255);border-color:rgb(67, 67, 67);}.ld_cf7_69da65fd01838 .wpcf7-form-control-wrap{margin-bottom:20px;}<\/style><div id=\"ld_cf7_69da65fd01838\" class=\"lqd-contact-form lqd-contact-form-inputs-filled lqd-contact-form-button-lg lqd-contact-form-button-block lqd-contact-form-button-round ld_cf7_69da65fd01838 vc_custom_1708130728270\">\n\t\n<div class=\"wpcf7 no-js\" id=\"wpcf7-f4901-o1\" lang=\"en-GB\" dir=\"ltr\" data-wpcf7-id=\"4901\">\n<div class=\"screen-reader-response\"><p role=\"status\" aria-live=\"polite\" aria-atomic=\"true\"><\/p> <ul><\/ul><\/div>\n<form action=\"\/index.php?rest_route=%2Fwp%2Fv2%2Fpages%2F310#wpcf7-f4901-o1\" method=\"post\" class=\"wpcf7-form init\" aria-label=\"Formul\u00e1rios de contato\" novalidate=\"novalidate\" data-status=\"init\">\n<fieldset class=\"hidden-fields-container\"><input type=\"hidden\" name=\"_wpcf7\" value=\"4901\" \/><input type=\"hidden\" name=\"_wpcf7_version\" value=\"6.1.5\" \/><input type=\"hidden\" name=\"_wpcf7_locale\" value=\"en_GB\" \/><input type=\"hidden\" name=\"_wpcf7_unit_tag\" value=\"wpcf7-f4901-o1\" \/><input type=\"hidden\" name=\"_wpcf7_container_post\" value=\"0\" \/><input type=\"hidden\" name=\"_wpcf7_posted_data_hash\" value=\"\" \/>\n<\/fieldset>\n<div class=\"row\">\n\t<div class=\"col-md-12\">\n\t\t<p><span class=\"wpcf7-form-control-wrap\" data-name=\"text-254\"><input size=\"40\" maxlength=\"400\" class=\"wpcf7-form-control wpcf7-text wpcf7-validates-as-required\" aria-required=\"true\" aria-invalid=\"false\" placeholder=\"Nome\" value=\"\" type=\"text\" name=\"text-254\" \/><\/span><span class=\"wpcf7-form-control-wrap\" data-name=\"email-384\"><input size=\"40\" maxlength=\"400\" class=\"wpcf7-form-control wpcf7-email wpcf7-validates-as-required wpcf7-text wpcf7-validates-as-email\" aria-required=\"true\" aria-invalid=\"false\" placeholder=\"Email\" value=\"\" type=\"email\" name=\"email-384\" \/><\/span>\n\t\t<\/p>\n\t<\/div>\n\t<div class=\"col-md-12\">\n\t\t<p><span class=\"wpcf7-form-control-wrap\" data-name=\"textarea-595\"><textarea cols=\"3\" rows=\"2\" maxlength=\"2000\" class=\"wpcf7-form-control wpcf7-textarea wpcf7-validates-as-required\" aria-required=\"true\" aria-invalid=\"false\" placeholder=\"Mensagem\" name=\"textarea-595\"><\/textarea><\/span>\n\t\t<\/p>\n\t<\/div>\n\t<div class=\"col-md-12 mt-4 text-md-right\">\n\t\t<p><input class=\"wpcf7-form-control wpcf7-submit has-spinner\" type=\"submit\" value=\"Enviar Mensagem\" \/>\n\t\t<\/p>\n\t<\/div>\n<\/div><div class=\"wpcf7-response-output\" aria-hidden=\"true\"><\/div>\n<\/form>\n<\/div>\n<\/div>[\/vc_column][\/vc_row]<\/p>\n","protected":false},"excerpt":{"rendered":"<p>[vc_row content_placement=&#8221;middle&#8221; responsive_css=&#8221;padding_top_large:100px|padding_bottom_medium:100px|padding_bottom_small:80px&#8221; css=&#8221;.vc_custom_1708547714549{padding-top: 100px !important;padding-bottom: 60px !important;}&#8221;][vc_column enable_content_animation=&#8221;yes&#8221; ca_init_scale_x=&#8221;1&#8243; ca_init_scale_y=&#8221;1&#8243; ca_init_opacity=&#8221;0&#8243; ca_an_scale_x=&#8221;1&#8243; ca_an_scale_y=&#8221;1&#8243; ca_an_opacity=&#8221;1&#8243; offset=&#8221;vc_col-lg-5 vc_col-md-offset-1 vc_col-md-5&#8243; ca_duration=&#8221;1800&#8243; ca_delay=&#8221;180&#8243; ca_init_translate_y=&#8221;60&#8243; css=&#8221;.vc_custom_1708547751111{padding-top: 50px !important;padding-bottom: 35px !important;}&#8221;][\/vc_column][vc_column enable_column_shadowbox=&#8221;yes&#8221; enable_content_animation=&#8221;yes&#8221; ca_init_scale_x=&#8221;1&#8243; ca_init_scale_y=&#8221;1&#8243; ca_init_opacity=&#8221;0&#8243; ca_an_scale_x=&#8221;1&#8243; ca_an_scale_y=&#8221;1&#8243; ca_an_opacity=&#8221;1&#8243; offset=&#8221;vc_col-md-5&#8243; css=&#8221;.vc_custom_1708039067686{padding-top: 35px !important;padding-right: 50px !important;padding-bottom: 40px !important;padding-left: 50px !important;background-color: #ffffff !important;border-radius: 5px !important;}&#8221; column_box_shadow=&#8221;%5B%7B%22x_offset%22%3A%220%22%2C%22y_offset%22%3A%2210px%22%2C%22blur_radius%22%3A%2260px%22%2C%22shadow_color%22%3A%22rgba(0%2C%200%2C%200%2C%200.07)%22%7D%5D&#8221; responsive_css=&#8221;margin_left_large:50px|padding_bottom_medium:20px&#8221; ca_duration=&#8221;1800&#8243; ca_start_delay=&#8221;250&#8243; ca_delay=&#8221;180&#8243; ca_init_translate_y=&#8221;35&#8243;][\/vc_column][\/vc_row]<\/p>\n","protected":false},"author":1,"featured_media":0,"parent":0,"menu_order":0,"comment_status":"closed","ping_status":"closed","template":"","meta":{"footnotes":""},"class_list":["post-310","page","type-page","status-publish","hentry"],"_links":{"self":[{"href":"https:\/\/lccosta.eng.br\/index.php?rest_route=\/wp\/v2\/pages\/310","targetHints":{"allow":["GET"]}}],"collection":[{"href":"https:\/\/lccosta.eng.br\/index.php?rest_route=\/wp\/v2\/pages"}],"about":[{"href":"https:\/\/lccosta.eng.br\/index.php?rest_route=\/wp\/v2\/types\/page"}],"author":[{"embeddable":true,"href":"https:\/\/lccosta.eng.br\/index.php?rest_route=\/wp\/v2\/users\/1"}],"replies":[{"embeddable":true,"href":"https:\/\/lccosta.eng.br\/index.php?rest_route=%2Fwp%2Fv2%2Fcomments&post=310"}],"version-history":[{"count":0,"href":"https:\/\/lccosta.eng.br\/index.php?rest_route=\/wp\/v2\/pages\/310\/revisions"}],"wp:attachment":[{"href":"https:\/\/lccosta.eng.br\/index.php?rest_route=%2Fwp%2Fv2%2Fmedia&parent=310"}],"curies":[{"name":"wp","href":"https:\/\/api.w.org\/{rel}","templated":true}]}}